{"id":36,"date":"2025-05-16T12:35:13","date_gmt":"2025-05-16T12:35:13","guid":{"rendered":"https:\/\/krishouse.eu\/?page_id=36"},"modified":"2025-05-22T09:26:59","modified_gmt":"2025-05-22T09:26:59","slug":"krishouse","status":"publish","type":"page","link":"https:\/\/krishouse.eu\/","title":{"rendered":"KrisHouse"},"content":{"rendered":"<p>[et_pb_section fb_built=&#8221;1&#8243; custom_padding_last_edited=&#8221;on|tablet&#8221; admin_label=&#8221;Header&#8221; _builder_version=&#8221;4.27.4&#8243; _module_preset=&#8221;default&#8221; background_color=&#8221;#000000&#8243; use_background_color_gradient=&#8221;on&#8221; background_color_gradient_stops=&#8221;rgba(0,13,22,0.62) 0%|rgba(0,0,0,0.2) 46%|rgba(0,0,0,0.19) 62%|rgba(0,0,0,0.52) 100%&#8221; background_color_gradient_overlays_image=&#8221;on&#8221; background_image=&#8221;https:\/\/krishouse.eu\/wp-content\/uploads\/2025\/05\/KrisHouse_pro.webp&#8221; background_enable_pattern_style=&#8221;on&#8221; background_pattern_style=&#8221;zig-zag-2&#8243; background_pattern_color=&#8221;rgba(255,255,255,0.04)&#8221; background_pattern_size=&#8221;custom&#8221; background_pattern_width=&#8221;80px&#8221; custom_padding=&#8221;10%||10%||false|false&#8221; custom_padding_tablet=&#8221;18%||||false|false&#8221; custom_padding_phone=&#8221;94px||||false|false&#8221; locked=&#8221;off&#8221; collapsed=&#8221;on&#8221; global_colors_info=&#8221;{}&#8221;][et_pb_row _builder_version=&#8221;4.18.0&#8243; _module_preset=&#8221;default&#8221; z_index=&#8221;1&#8243; max_width=&#8221;700px&#8221; global_colors_info=&#8221;{}&#8221;][et_pb_column type=&#8221;4_4&#8243; _builder_version=&#8221;4.18.0&#8243; _module_preset=&#8221;default&#8221; global_colors_info=&#8221;{}&#8221;][et_pb_text _builder_version=&#8221;4.27.4&#8243; _module_preset=&#8221;c16985e1-e0d6-4022-964d-e2bfc04fa633&#8243; header_font=&#8221;|700|||||||&#8221; header_text_color=&#8221;#FFFFFF&#8221; header_font_size=&#8221;72px&#8221; header_line_height=&#8221;1.2em&#8221; text_orientation=&#8221;center&#8221; header_font_size_tablet=&#8221;40px&#8221; header_font_size_phone=&#8221;24px&#8221; header_font_size_last_edited=&#8221;on|desktop&#8221; global_colors_info=&#8221;{}&#8221;]<\/p>\n<h1>Domy drewniane<br \/>KrisHouse<\/h1>\n<p>[\/et_pb_text][et_pb_text _builder_version=&#8221;4.27.4&#8243; _module_preset=&#8221;518880c8-46c7-4ffa-b5a6-93ffa99dcc17&#8243; text_font=&#8221;Hind||||||||&#8221; text_text_color=&#8221;#FFFFFF&#8221; text_font_size=&#8221;18px&#8221; text_line_height=&#8221;1.6em&#8221; link_text_color=&#8221;#23CDE7&#8243; text_orientation=&#8221;center&#8221; text_font_size_tablet=&#8221;16px&#8221; text_font_size_phone=&#8221;14px&#8221; text_font_size_last_edited=&#8221;on|phone&#8221; global_colors_info=&#8221;{}&#8221;]<\/p>\n<p>Domy Krishouse budowane s\u0105 z gotowych element\u00f3w drewnianych \u2013 KVH i BSH. To nowoczesna technologia, kt\u00f3ra \u0142\u0105czy solidno\u015b\u0107 konstrukcji z dba\u0142o\u015bci\u0105 o \u015brodowisko i komfort mieszka\u0144c\u00f3w<\/p>\n<p>[\/et_pb_text][et_pb_button button_url=&#8221;@ET-DC@eyJkeW5hbWljIjp0cnVlLCJjb250ZW50IjoicG9zdF9saW5rX3VybF9wYWdlIiwic2V0dGluZ3MiOnsicG9zdF9pZCI6IjI3NiJ9fQ==@&#8221; button_text=&#8221;Dowiedz si\u0119 wi\u0119cej&#8221; button_alignment=&#8221;center&#8221; _builder_version=&#8221;4.27.4&#8243; _dynamic_attributes=&#8221;button_url&#8221; _module_preset=&#8221;31b4f027-aaa0-4f2f-ae02-959764e19e4f&#8221; custom_button=&#8221;on&#8221; button_text_size=&#8221;14px&#8221; button_text_color=&#8221;#FFFFFF&#8221; button_bg_color=&#8221;#d6975c&#8221; button_border_width=&#8221;0px&#8221; button_border_radius=&#8221;6px&#8221; button_font=&#8221;|600||on|||||&#8221; button_use_icon=&#8221;off&#8221; background_layout=&#8221;dark&#8221; custom_padding=&#8221;7px|32px|7px|32px|true|true&#8221; hover_enabled=&#8221;0&#8243; global_colors_info=&#8221;{}&#8221; button_bg_color__hover_enabled=&#8221;on|hover&#8221; sticky_enabled=&#8221;0&#8243; button_bg_color__hover=&#8221;#93593e&#8221; button_bg_enable_color__hover=&#8221;on&#8221;][\/et_pb_button][\/et_pb_column][\/et_pb_row][\/et_pb_section][et_pb_section fb_built=&#8221;1&#8243; admin_label=&#8221;About&#8221; _builder_version=&#8221;4.27.4&#8243; _module_preset=&#8221;default&#8221; background_enable_image=&#8221;off&#8221; background_size=&#8221;custom&#8221; background_image_width=&#8221;25%&#8221; background_position=&#8221;top_right&#8221; custom_padding=&#8221;||0px|||&#8221; collapsed=&#8221;on&#8221; global_colors_info=&#8221;{}&#8221;][et_pb_row _builder_version=&#8221;4.27.4&#8243; _module_preset=&#8221;default&#8221; global_colors_info=&#8221;{}&#8221;][et_pb_column type=&#8221;4_4&#8243; _builder_version=&#8221;4.27.4&#8243; _module_preset=&#8221;default&#8221; global_colors_info=&#8221;{}&#8221;][et_pb_text _builder_version=&#8221;4.27.4&#8243; _module_preset=&#8221;default&#8221; custom_padding=&#8221;20px||||false|false&#8221; border_width_top=&#8221;1px&#8221; border_color_top=&#8221;#E09900&#8243; border_style_top=&#8221;dashed&#8221; global_colors_info=&#8221;{}&#8221;]<\/p>\n<h2>Domy szkieletowe premium \u2013 Tw\u00f3j dom w 6 tygodni z Krishouse<\/h2>\n<p>[\/et_pb_text][et_pb_text _builder_version=&#8221;4.27.4&#8243; _module_preset=&#8221;default&#8221; global_colors_info=&#8221;{}&#8221;]Planujesz budow\u0119 w\u0142asnego domu? W Krishouse zajmujemy si\u0119 tym od ponad 20 lat. Budujemy energooszcz\u0119dne, ca\u0142oroczne domy drewniane w technologii szkieletowej \u2013 szybko, solidnie i z trosk\u0105 o ka\u017cdy szczeg\u00f3\u0142. Nasze realizacje powstaj\u0105 w Polsce i za granic\u0105, a zadowoleni klienci polecaj\u0105 nas dalej. Dzia\u0142amy sprawnie, profesjonalnie i z zaanga\u017cowaniem \u2013 bo Tw\u00f3j dom to dla nas co\u015b wi\u0119cej ni\u017c projekt.[\/et_pb_text][\/et_pb_column][\/et_pb_row][et_pb_row _builder_version=&#8221;4.27.4&#8243; _module_preset=&#8221;default&#8221; global_colors_info=&#8221;{}&#8221;][et_pb_column type=&#8221;4_4&#8243; _builder_version=&#8221;4.27.4&#8243; _module_preset=&#8221;default&#8221; global_colors_info=&#8221;{}&#8221;][et_pb_text _builder_version=&#8221;4.27.4&#8243; _module_preset=&#8221;default&#8221; custom_padding=&#8221;20px||||false|false&#8221; border_width_top=&#8221;1px&#8221; border_color_top=&#8221;#E09900&#8243; border_style_top=&#8221;dashed&#8221; global_colors_info=&#8221;{}&#8221;]<\/p>\n<h2>Dlaczego warto wybra\u0107 Krishouse?<\/h2>\n<p>[\/et_pb_text][et_pb_text _builder_version=&#8221;4.27.4&#8243; _module_preset=&#8221;default&#8221; global_colors_info=&#8221;{}&#8221;]<\/p>\n<ul data-spread=\"false\" data-pm-slice=\"3 3 []\">\n<li><span><strong>Bezpieczna technologia:<\/strong><\/span><span> prefabrykacj\u0119 realizujemy w hali, co oznacza brak wilgoci i zawsze t\u0119 sam\u0105, wysok\u0105 jako\u015b\u0107.<\/span><\/li>\n<li><span><strong>Niskie koszty ogrzewania:<\/strong><\/span><span> domy spe\u0142niaj\u0105 wysokie normy energetyczne (U = 0,13 W\/m\u00b2K).<\/span><\/li>\n<li><span><strong>Szybka realizacja:<\/strong><\/span><span> od podpisania umowy do monta\u017cu mija tylko 4\u20136 tygodni.<\/span><\/li>\n<li><span><strong>Prosty proces:<\/strong><\/span><span> przeprowadzimy Ci\u0119 przez wszystkie etapy \u2013 bez stresu.<\/span><\/li>\n<li><span><strong>Sta\u0142a opieka:<\/strong><\/span><span> na ka\u017cdym etapie masz wsparcie opiekuna inwestycji.<\/span><\/li>\n<li><span><strong>Materia\u0142y premium:<\/strong><\/span><span> drewno KVH i BSH oraz certyfikowane komponenty.<\/span><\/li>\n<\/ul>\n<p>[\/et_pb_text][\/et_pb_column][\/et_pb_row][\/et_pb_section][et_pb_section fb_built=&#8221;1&#8243; _builder_version=&#8221;4.27.4&#8243; _module_preset=&#8221;default&#8221; use_background_color_gradient=&#8221;on&#8221; background_color_gradient_stops=&#8221;#000000 0%|rgba(255,255,255,0) 47%|#000000 99%&#8221; background_color_gradient_overlays_image=&#8221;on&#8221; background_image=&#8221;https:\/\/krishouse.eu\/wp-content\/uploads\/2025\/05\/KrisHouse_pro02.webp&#8221; parallax=&#8221;on&#8221; parallax_method=&#8221;off&#8221; height=&#8221;373px&#8221; custom_padding=&#8221;5%||5%||true|false&#8221; global_colors_info=&#8221;{}&#8221;][et_pb_row _builder_version=&#8221;4.27.4&#8243; _module_preset=&#8221;default&#8221; global_colors_info=&#8221;{}&#8221;][et_pb_column type=&#8221;4_4&#8243; _builder_version=&#8221;4.27.4&#8243; _module_preset=&#8221;default&#8221; global_colors_info=&#8221;{}&#8221;][et_pb_text _builder_version=&#8221;4.27.4&#8243; _module_preset=&#8221;default&#8221; header_font_size=&#8221;29px&#8221; header_2_font=&#8221;|800|||||||&#8221; header_2_text_align=&#8221;center&#8221; header_2_text_color=&#8221;#FFFFFF&#8221; header_2_font_size=&#8221;35px&#8221; global_colors_info=&#8221;{}&#8221;]<\/p>\n<h2>Wsp\u00f3lnie zaplanujmy Tw\u00f3j nowy dom!<\/h2>\n<p>[\/et_pb_text][et_pb_button button_url=&#8221;@ET-DC@eyJkeW5hbWljIjp0cnVlLCJjb250ZW50IjoicG9zdF9saW5rX3VybF9wYWdlIiwic2V0dGluZ3MiOnsicG9zdF9pZCI6IjE2MiJ9fQ==@&#8221; button_text=&#8221;Skontaktuj sie znami&#8221; button_alignment=&#8221;center&#8221; _builder_version=&#8221;4.27.4&#8243; _dynamic_attributes=&#8221;button_url&#8221; _module_preset=&#8221;default&#8221; custom_button=&#8221;on&#8221; button_text_size=&#8221;14px&#8221; button_text_color=&#8221;#FFFFFF&#8221; button_bg_color=&#8221;#d6975c&#8221; button_border_width=&#8221;0px&#8221; button_border_radius=&#8221;6px&#8221; button_font=&#8221;|600||on|||||&#8221; button_use_icon=&#8221;off&#8221; background_layout=&#8221;dark&#8221; custom_padding=&#8221;7px|32px|7px|32px|true|true&#8221; hover_enabled=&#8221;0&#8243; global_colors_info=&#8221;{}&#8221; button_bg_color__hover_enabled=&#8221;on|hover&#8221; sticky_enabled=&#8221;0&#8243; button_bg_color__hover=&#8221;#93593e&#8221; button_bg_enable_color__hover=&#8221;on&#8221;][\/et_pb_button][\/et_pb_column][\/et_pb_row][\/et_pb_section][et_pb_section fb_built=&#8221;1&#8243; custom_padding_last_edited=&#8221;on|tablet&#8221; admin_label=&#8221;About&#8221; _builder_version=&#8221;4.27.4&#8243; _module_preset=&#8221;default&#8221; background_enable_image=&#8221;off&#8221; background_size=&#8221;custom&#8221; background_image_width=&#8221;25%&#8221; background_position=&#8221;top_right&#8221; custom_padding=&#8221;40px|||||&#8221; custom_padding_tablet=&#8221;0px||0px||false|false&#8221; custom_padding_phone=&#8221;0px||0px||false|false&#8221; collapsed=&#8221;on&#8221; global_colors_info=&#8221;{}&#8221;][et_pb_row column_structure=&#8221;3_5,2_5&#8243; _builder_version=&#8221;4.27.4&#8243; _module_preset=&#8221;default&#8221; global_colors_info=&#8221;{}&#8221;][et_pb_column type=&#8221;3_5&#8243; _builder_version=&#8221;4.27.4&#8243; _module_preset=&#8221;default&#8221; global_colors_info=&#8221;{}&#8221;][et_pb_text _builder_version=&#8221;4.27.4&#8243; _module_preset=&#8221;default&#8221; custom_padding=&#8221;20px||||false|false&#8221; border_width_top=&#8221;1px&#8221; border_color_top=&#8221;#E09900&#8243; border_style_top=&#8221;dashed&#8221; global_colors_info=&#8221;{}&#8221;]<\/p>\n<h2>Partner operacyjny dla inwestor\u00f3w indywidualnych i instytucji<br \/>\n<\/h2>\n<p>[\/et_pb_text][et_pb_text _builder_version=&#8221;4.27.4&#8243; _module_preset=&#8221;default&#8221; global_colors_info=&#8221;{}&#8221;]<\/p>\n<p>Nasz\u0105 specjalizacj\u0105 jest prefabrykacja i monta\u017c dom\u00f3w w technologii szkieletowej, realizowanych w standardzie premium. Proces technologiczny odbywa si\u0119 w kontrolowanych warunkach hali produkcyjnej, co przek\u0142ada si\u0119 na wysok\u0105 powtarzalno\u015b\u0107 jako\u015bci, efektywno\u015b\u0107 kosztow\u0105 oraz ograniczenie ryzyka pogodowego na etapie monta\u017cu.<\/p>\n<p>Dysponujemy do\u015bwiadczonym zapleczem wykonawczym oraz zespo\u0142em koordynuj\u0105cym inwestycje w trybie \u201edesign &#038; build\u201d. Nasze projekty wspieraj\u0105 m.in. partnerzy bran\u017cowi z sektora stolarki otworowej i dostaw materia\u0142\u00f3w budowlanych, z kt\u00f3rymi \u0142\u0105czy nas wieloletnia wsp\u00f3\u0142praca.<\/p>\n<p>[\/et_pb_text][et_pb_button button_url=&#8221;@ET-DC@eyJkeW5hbWljIjp0cnVlLCJjb250ZW50IjoicG9zdF9saW5rX3VybF9wYWdlIiwic2V0dGluZ3MiOnsicG9zdF9pZCI6IjI5NCJ9fQ==@&#8221; button_text=&#8221;Sprawd\u017a nasze realizacje&#8221; button_alignment=&#8221;center&#8221; _builder_version=&#8221;4.27.4&#8243; _dynamic_attributes=&#8221;button_url&#8221; _module_preset=&#8221;default&#8221; custom_button=&#8221;on&#8221; button_text_size=&#8221;14px&#8221; button_text_color=&#8221;#FFFFFF&#8221; button_bg_color=&#8221;#d6975c&#8221; button_border_width=&#8221;0px&#8221; button_border_radius=&#8221;6px&#8221; button_font=&#8221;|600||on|||||&#8221; button_use_icon=&#8221;off&#8221; background_layout=&#8221;dark&#8221; custom_padding=&#8221;7px|32px|7px|32px|true|true&#8221; hover_enabled=&#8221;0&#8243; global_module=&#8221;230&#8243; saved_tabs=&#8221;all&#8221; global_colors_info=&#8221;{}&#8221; button_text_color__hover_enabled=&#8221;on|hover&#8221; button_bg_color__hover_enabled=&#8221;on|hover&#8221; button_bg_color__hover=&#8221;#93593e&#8221; button_bg_enable_color__hover=&#8221;on&#8221; button_text_color__hover=&#8221;#FFFFFF&#8221; sticky_enabled=&#8221;0&#8243;][\/et_pb_button][\/et_pb_column][et_pb_column type=&#8221;2_5&#8243; _builder_version=&#8221;4.27.4&#8243; _module_preset=&#8221;default&#8221; global_colors_info=&#8221;{}&#8221;][et_pb_image src=&#8221;https:\/\/krishouse.eu\/wp-content\/uploads\/2025\/05\/krishouse-dom-szkieletowy-pion-2.webp&#8221; alt=&#8221;Domy szkieletowe Wa\u0142cz&#8221; title_text=&#8221;krishouse-dom-szkieletowy-pion -2&#8243; _builder_version=&#8221;4.27.4&#8243; _module_preset=&#8221;default&#8221; global_colors_info=&#8221;{}&#8221;][\/et_pb_image][\/et_pb_column][\/et_pb_row][\/et_pb_section][et_pb_section fb_built=&#8221;1&#8243; custom_padding_last_edited=&#8221;on|tablet&#8221; _builder_version=&#8221;4.27.4&#8243; _module_preset=&#8221;default&#8221; custom_padding=&#8221;0px||1px|||&#8221; custom_padding_tablet=&#8221;0px||0px||false|false&#8221; custom_padding_phone=&#8221;0px||0px||false|false&#8221; global_colors_info=&#8221;{}&#8221;][et_pb_row use_custom_gutter=&#8221;on&#8221; gutter_width=&#8221;1&#8243; _builder_version=&#8221;4.27.4&#8243; _module_preset=&#8221;default&#8221; global_colors_info=&#8221;{}&#8221;][et_pb_column type=&#8221;4_4&#8243; _builder_version=&#8221;4.27.4&#8243; _module_preset=&#8221;default&#8221; global_colors_info=&#8221;{}&#8221;][et_pb_gallery gallery_ids=&#8221;24,23,22,21&#8243; show_title_and_caption=&#8221;off&#8221; zoom_icon_color=&#8221;#E09900&#8243; hover_icon=&#8221;&#x54;||divi||400&#8243; _builder_version=&#8221;4.27.4&#8243; _module_preset=&#8221;default&#8221; custom_padding=&#8221;||30px||false|false&#8221; border_color_all=&#8221;#E09900&#8243; global_colors_info=&#8221;{}&#8221;][\/et_pb_gallery][et_pb_button button_url=&#8221;@ET-DC@eyJkeW5hbWljIjp0cnVlLCJjb250ZW50IjoicG9zdF9saW5rX3VybF9wYWdlIiwic2V0dGluZ3MiOnsicG9zdF9pZCI6IjI5NCJ9fQ==@&#8221; button_text=&#8221;Sprawd\u017a nasze realizacje&#8221; button_alignment=&#8221;center&#8221; _builder_version=&#8221;4.27.4&#8243; _dynamic_attributes=&#8221;button_url&#8221; _module_preset=&#8221;default&#8221; custom_button=&#8221;on&#8221; button_text_size=&#8221;14px&#8221; button_text_color=&#8221;#FFFFFF&#8221; button_bg_color=&#8221;#d6975c&#8221; button_border_width=&#8221;0px&#8221; button_border_radius=&#8221;6px&#8221; button_font=&#8221;|600||on|||||&#8221; button_use_icon=&#8221;off&#8221; background_layout=&#8221;dark&#8221; custom_padding=&#8221;7px|32px|7px|32px|true|true&#8221; global_module=&#8221;230&#8243; saved_tabs=&#8221;all&#8221; global_colors_info=&#8221;{}&#8221; button_text_color__hover_enabled=&#8221;on|hover&#8221; button_bg_color__hover_enabled=&#8221;on|hover&#8221; button_bg_color__hover=&#8221;#93593e&#8221; button_bg_enable_color__hover=&#8221;on&#8221; button_text_color__hover=&#8221;#FFFFFF&#8221;][\/et_pb_button][\/et_pb_column][\/et_pb_row][\/et_pb_section][et_pb_section fb_built=&#8221;1&#8243; _builder_version=&#8221;4.27.4&#8243; _module_preset=&#8221;default&#8221; background_color=&#8221;rgba(224,153,0,0.12)&#8221; background_enable_pattern_style=&#8221;on&#8221; background_pattern_style=&#8221;zig-zag-2&#8243; background_pattern_color=&#8221;rgba(224,153,0,0.05)&#8221; global_colors_info=&#8221;{}&#8221;][et_pb_row _builder_version=&#8221;4.27.4&#8243; _module_preset=&#8221;default&#8221; global_colors_info=&#8221;{}&#8221;][et_pb_column type=&#8221;4_4&#8243; _builder_version=&#8221;4.27.4&#8243; _module_preset=&#8221;default&#8221; global_colors_info=&#8221;{}&#8221;][et_pb_text _builder_version=&#8221;4.27.4&#8243; _module_preset=&#8221;default&#8221; custom_padding=&#8221;20px||||false|false&#8221; border_width_top=&#8221;1px&#8221; border_color_top=&#8221;#E09900&#8243; border_style_top=&#8221;dashed&#8221; global_colors_info=&#8221;{}&#8221;]<\/p>\n<h2>7 krok\u00f3w do wymarzonego domu z KRISHOUSE<\/h2>\n<p>[\/et_pb_text][\/et_pb_column][\/et_pb_row][et_pb_row _builder_version=&#8221;4.27.4&#8243; _module_preset=&#8221;default&#8221; global_colors_info=&#8221;{}&#8221;][et_pb_column type=&#8221;4_4&#8243; _builder_version=&#8221;4.27.4&#8243; _module_preset=&#8221;default&#8221; global_colors_info=&#8221;{}&#8221;][et_pb_code _builder_version=&#8221;4.27.4&#8243; _module_preset=&#8221;default&#8221; global_colors_info=&#8221;{}&#8221;] <\/p>\n<div class=\"cards-container\"><!-- [et_pb_line_break_holder] --><!-- [et_pb_line_break_holder] -->    <\/p>\n<div class=\"custom-card\"><!-- [et_pb_line_break_holder] -->      <\/p>\n<h2>1.<\/h2>\n<p><!-- [et_pb_line_break_holder] -->      <\/p>\n<h3>Wybierz sw\u00f3j wymarzony dom<\/h3>\n<p><!-- [et_pb_line_break_holder] -->      <pee>Z naszej kolekcji gotowych projekt\u00f3w lub na bazie projektu indywidualnego. Pomo\u017cemy dobra\u0107 optymalne rozwi\u0105zanie do Twojej dzia\u0142ki i potrzeb \u2013 dom parterowy, pi\u0119trowy, z poddaszem, wielorodzinny lub eksportowy.<\/pee><!-- [et_pb_line_break_holder] -->    <\/div>\n<p><!-- [et_pb_line_break_holder] --><!-- [et_pb_line_break_holder] -->    <\/p>\n<div class=\"custom-card\"><!-- [et_pb_line_break_holder] -->      <\/p>\n<h2>2.<\/h2>\n<p><!-- [et_pb_line_break_holder] -->      <\/p>\n<h3>Spersonalizuj projekt i podpisz umow\u0119<\/h3>\n<p><!-- [et_pb_line_break_holder] -->      <pee>Wsp\u00f3lnie dopracowujemy szczeg\u00f3\u0142y techniczne, uk\u0142ad funkcjonalny, wariant wyko\u0144czenia i harmonogram. Po akceptacji podpisujemy umow\u0119 na produkcj\u0119 i monta\u017c.<\/pee><!-- [et_pb_line_break_holder] -->    <\/div>\n<p><!-- [et_pb_line_break_holder] --><!-- [et_pb_line_break_holder] -->    <\/p>\n<div class=\"custom-card\"><!-- [et_pb_line_break_holder] -->      <\/p>\n<h2>3.<\/h2>\n<p><!-- [et_pb_line_break_holder] -->      <\/p>\n<h3>Produkcja w naszej hali prefabrykacji<\/h3>\n<p><!-- [et_pb_line_break_holder] -->      <pee>Tw\u00f3j dom powstaje w kontrolowanych warunkach z wykorzystaniem technologii ci\u0119\u017ckiego prefabrykatu, drewna KVH i BSH, materia\u0142\u00f3w PREMIUM i precyzyjnych komponent\u00f3w in\u017cynieryjnych.<\/pee><!-- [et_pb_line_break_holder] -->    <\/div>\n<p><!-- [et_pb_line_break_holder] --><!-- [et_pb_line_break_holder] -->    <\/p>\n<div class=\"custom-card\"><!-- [et_pb_line_break_holder] -->      <\/p>\n<h2>4.<\/h2>\n<p><!-- [et_pb_line_break_holder] -->      <\/p>\n<h3>Monta\u017c konstrukcji i instalacji<\/h3>\n<p><!-- [et_pb_line_break_holder] -->      <pee>\u015aciany, dach oraz instalacje wodno-kanalizacyjne, elektryczne i grzewcze s\u0105 montowane zgodnie z ustalonym standardem energetycznym i wyko\u0144czeniowym.<\/pee><!-- [et_pb_line_break_holder] -->    <\/div>\n<p><!-- [et_pb_line_break_holder] --><!-- [et_pb_line_break_holder] -->    <\/p>\n<div class=\"custom-card\"><!-- [et_pb_line_break_holder] -->      <\/p>\n<h2>5.<\/h2>\n<p><!-- [et_pb_line_break_holder] -->      <\/p>\n<h3>Wyko\u0144czenie wn\u0119trz i elewacji<\/h3>\n<p><!-- [et_pb_line_break_holder] -->      <pee>W zale\u017cno\u015bci od wariantu, oferujemy wyko\u0144czenie pod klucz lub w stanie deweloperskim. U\u017cywamy sprawdzonych p\u0142yt i system\u00f3w izolacyjnych, zapewniaj\u0105cych niskie straty ciep\u0142a (U = 0,13 W\/m\u00b2K)<\/pee><!-- [et_pb_line_break_holder] -->    <\/div>\n<p><!-- [et_pb_line_break_holder] --><!-- [et_pb_line_break_holder] -->    <\/p>\n<div class=\"custom-card\"><!-- [et_pb_line_break_holder] -->      <\/p>\n<h2>6.<\/h2>\n<p><!-- [et_pb_line_break_holder] -->      <\/p>\n<h3>Transport i monta\u017c na dzia\u0142ce<\/h3>\n<p><!-- [et_pb_line_break_holder] -->      <pee>Gotowe elementy domu przyje\u017cd\u017caj\u0105 na Twoj\u0105 dzia\u0142k\u0119 i s\u0105 montowane w ci\u0105gu 4\u20138 godzin. Minimalizujemy uci\u0105\u017cliwo\u015bci i maksymalnie skracamy czas realizacji (nawet do 6 tygodni od umowy!).<\/pee><!-- [et_pb_line_break_holder] -->    <\/div>\n<p><!-- [et_pb_line_break_holder] --><!-- [et_pb_line_break_holder] -->    <\/p>\n<div class=\"custom-card\"><!-- [et_pb_line_break_holder] -->      <\/p>\n<h2>7.<\/h2>\n<p><!-- [et_pb_line_break_holder] -->      <\/p>\n<h3>Przekazanie kluczy i opieka posprzeda\u017cowa<\/h3>\n<p><!-- [et_pb_line_break_holder] -->      <pee>Gotowe! Oddajemy Ci klucze do domu i zapewniamy opiek\u0119 gwarancyjn\u0105. Od teraz mo\u017cesz cieszy\u0107 si\u0119 komfortem i bezpiecze\u0144stwem zamieszkania w swoim wymarzonym domu z drewna.<\/pee><!-- [et_pb_line_break_holder] -->    <\/div>\n<p><!-- [et_pb_line_break_holder] --><!-- [et_pb_line_break_holder] -->  <\/div>\n<p>[\/et_pb_code][\/et_pb_column][\/et_pb_row][\/et_pb_section]<\/p>\n","protected":false},"excerpt":{"rendered":"<p>Domy drewnianeKrisHouseDomy Krishouse budowane s\u0105 z gotowych element\u00f3w drewnianych \u2013 KVH i BSH. To nowoczesna technologia, kt\u00f3ra \u0142\u0105czy solidno\u015b\u0107 konstrukcji z dba\u0142o\u015bci\u0105 o \u015brodowisko i komfort mieszka\u0144c\u00f3wDomy szkieletowe premium \u2013 Tw\u00f3j dom w 6 tygodni z KrishousePlanujesz budow\u0119 w\u0142asnego domu? W Krishouse zajmujemy si\u0119 tym od ponad 20 lat. Budujemy energooszcz\u0119dne, ca\u0142oroczne domy drewniane w [&hellip;]<\/p>\n","protected":false},"author":1,"featured_media":0,"parent":0,"menu_order":0,"comment_status":"closed","ping_status":"closed","template":"","meta":{"_et_pb_use_builder":"on","_et_pb_old_content":"","_et_gb_content_width":"","footnotes":""},"class_list":["post-36","page","type-page","status-publish","hentry"],"_links":{"self":[{"href":"https:\/\/krishouse.eu\/index.php?rest_route=\/wp\/v2\/pages\/36","targetHints":{"allow":["GET"]}}],"collection":[{"href":"https:\/\/krishouse.eu\/index.php?rest_route=\/wp\/v2\/pages"}],"about":[{"href":"https:\/\/krishouse.eu\/index.php?rest_route=\/wp\/v2\/types\/page"}],"author":[{"embeddable":true,"href":"https:\/\/krishouse.eu\/index.php?rest_route=\/wp\/v2\/users\/1"}],"replies":[{"embeddable":true,"href":"https:\/\/krishouse.eu\/index.php?rest_route=%2Fwp%2Fv2%2Fcomments&post=36"}],"version-history":[{"count":56,"href":"https:\/\/krishouse.eu\/index.php?rest_route=\/wp\/v2\/pages\/36\/revisions"}],"predecessor-version":[{"id":416,"href":"https:\/\/krishouse.eu\/index.php?rest_route=\/wp\/v2\/pages\/36\/revisions\/416"}],"wp:attachment":[{"href":"https:\/\/krishouse.eu\/index.php?rest_route=%2Fwp%2Fv2%2Fmedia&parent=36"}],"curies":[{"name":"wp","href":"https:\/\/api.w.org\/{rel}","templated":true}]}}